{"id":153,"date":"2021-02-12T18:56:43","date_gmt":"2021-02-12T17:56:43","guid":{"rendered":"https:\/\/adoptatree.de\/?page_id=153"},"modified":"2021-02-16T17:44:39","modified_gmt":"2021-02-16T16:44:39","slug":"builder","status":"publish","type":"page","link":"https:\/\/adoptatree.de\/?page_id=153","title":{"rendered":"Sammler"},"content":{"rendered":"\t\t<div data-elementor-type=\"wp-page\" data-elementor-id=\"153\" class=\"elementor elementor-153\" data-elementor-settings=\"[]\">\n\t\t\t\t\t\t<div class=\"elementor-inner\">\n\t\t\t\t\t\t\t<div class=\"elementor-section-wrap\">\n\t\t\t\t\t\t\t<section class=\"elementor-section elementor-top-section elementor-element elementor-element-2023a62c elementor-section-content-middle elementor-section-boxed elementor-section-height-default elementor-section-height-default\" data-id=\"2023a62c\" data-element_type=\"section\">\n\t\t\t\t\t\t<div class=\"elementor-container elementor-column-gap-no\">\n\t\t\t\t\t\t\t<div class=\"elementor-row\">\n\t\t\t\t\t<div class=\"elementor-column elementor-col-50 elementor-top-column elementor-element elementor-element-2b786b0\" data-id=\"2b786b0\" data-element_type=\"column\" data-settings=\"{&quot;background_background&quot;:&quot;classic&quot;}\">\n\t\t\t<div class=\"elementor-column-wrap elementor-element-populated\">\n\t\t\t\t\t<div class=\"elementor-background-overlay\"><\/div>\n\t\t\t\t\t\t\t<div class=\"elementor-widget-wrap\">\n\t\t\t\t\t\t<div class=\"elementor-element elementor-element-600e8ab1 elementor-widget elementor-widget-heading\" data-id=\"600e8ab1\" data-element_type=\"widget\" data-widget_type=\"heading.default\">\n\t\t\t\t<div class=\"elementor-widget-container\">\n\t\t\t<h3 class=\"elementor-heading-title elementor-size-default\">Eine L\u00f6sung f\u00fcr bestehende Herausforderungen<\/h3>\t\t<\/div>\n\t\t\t\t<\/div>\n\t\t\t\t\t\t<\/div>\n\t\t\t\t\t<\/div>\n\t\t<\/div>\n\t\t\t\t<div class=\"elementor-column elementor-col-50 elementor-top-column elementor-element elementor-element-5b4ad4db\" data-id=\"5b4ad4db\" data-element_type=\"column\">\n\t\t\t<div class=\"elementor-column-wrap elementor-element-populated\">\n\t\t\t\t\t\t\t<div class=\"elementor-widget-wrap\">\n\t\t\t\t\t\t<div class=\"elementor-element elementor-element-f8fa552 elementor-view-default elementor-vertical-align-top elementor-widget elementor-widget-icon-box\" data-id=\"f8fa552\" data-element_type=\"widget\" data-widget_type=\"icon-box.default\">\n\t\t\t\t<div class=\"elementor-widget-container\">\n\t\t\t\t\t<div class=\"elementor-icon-box-wrapper\">\n\t\t\t\t\t\t<div class=\"elementor-icon-box-content\">\n\t\t\t\t<h3 class=\"elementor-icon-box-title\">\n\t\t\t\t\t<span >Trockenheit<\/span>\n\t\t\t\t<\/h3>\n\t\t\t\t\t\t\t\t<p class=\"elementor-icon-box-description\">Die Trockenperioden ersch\u00f6pfen die nat\u00fcrlichen Ressourcen der B\u00e4ume f\u00fcr eine durchg\u00e4ngige Bew\u00e4sserung. Hier bieten Wasserreservoire in der Stadt die notwendige Abhilfe und k\u00f6nnen den B\u00e4umen zugef\u00fchrt werden. <\/p>\n\t\t\t\t\t\t\t<\/div>\n\t\t<\/div>\n\t\t\t\t<\/div>\n\t\t\t\t<\/div>\n\t\t\t\t<div class=\"elementor-element elementor-element-7ee03eb elementor-widget-divider--view-line elementor-widget elementor-widget-divider\" data-id=\"7ee03eb\" data-element_type=\"widget\" data-widget_type=\"divider.default\">\n\t\t\t\t<div class=\"elementor-widget-container\">\n\t\t\t\t\t<div class=\"elementor-divider\">\n\t\t\t<span class=\"elementor-divider-separator\">\n\t\t\t\t\t\t<\/span>\n\t\t<\/div>\n\t\t\t\t<\/div>\n\t\t\t\t<\/div>\n\t\t\t\t<div class=\"elementor-element elementor-element-1587c330 elementor-view-default elementor-vertical-align-top elementor-widget elementor-widget-icon-box\" data-id=\"1587c330\" data-element_type=\"widget\" data-widget_type=\"icon-box.default\">\n\t\t\t\t<div class=\"elementor-widget-container\">\n\t\t\t\t\t<div class=\"elementor-icon-box-wrapper\">\n\t\t\t\t\t\t<div class=\"elementor-icon-box-content\">\n\t\t\t\t<h3 class=\"elementor-icon-box-title\">\n\t\t\t\t\t<span >Vorgaben der Kommunen<\/span>\n\t\t\t\t<\/h3>\n\t\t\t\t\t\t\t\t<p class=\"elementor-icon-box-description\">Die St\u00e4dte und Gemeinden verordnen aufgrund der Wasserknappheit weitgehende Ma\u00dfnahmen zur Wassereinsparung. Damit fehlen M\u00f6glichkeiten zur Bew\u00e4sserung. Durch das gesammelte Regenwasser ist keine Verwendung kostbaren Trinkwassers notwendig und es steht bei Bedarf zur Verf\u00fcgung. <\/p>\n\t\t\t\t\t\t\t<\/div>\n\t\t<\/div>\n\t\t\t\t<\/div>\n\t\t\t\t<\/div>\n\t\t\t\t<div class=\"elementor-element elementor-element-35a09f8f elementor-widget-divider--view-line elementor-widget elementor-widget-divider\" data-id=\"35a09f8f\" data-element_type=\"widget\" data-widget_type=\"divider.default\">\n\t\t\t\t<div class=\"elementor-widget-container\">\n\t\t\t\t\t<div class=\"elementor-divider\">\n\t\t\t<span class=\"elementor-divider-separator\">\n\t\t\t\t\t\t<\/span>\n\t\t<\/div>\n\t\t\t\t<\/div>\n\t\t\t\t<\/div>\n\t\t\t\t<div class=\"elementor-element elementor-element-41168771 elementor-view-default elementor-vertical-align-top elementor-widget elementor-widget-icon-box\" data-id=\"41168771\" data-element_type=\"widget\" data-widget_type=\"icon-box.default\">\n\t\t\t\t<div class=\"elementor-widget-container\">\n\t\t\t\t\t<div class=\"elementor-icon-box-wrapper\">\n\t\t\t\t\t\t<div class=\"elementor-icon-box-content\">\n\t\t\t\t<h3 class=\"elementor-icon-box-title\">\n\t\t\t\t\t<span >Aufwand <\/span>\n\t\t\t\t<\/h3>\n\t\t\t\t\t\t\t\t<p class=\"elementor-icon-box-description\">Potentielle Unterst\u00fctzer, welche die B\u00e4ume in ihrer Umgebung ung giessen wollen scheitern an dem Aufwand, den es kostet, das Wasser zu den B\u00e4umen zu transportieren. Da k\u00f6nnen lokal installierte Wasserspender helfen, das Wasser vorzuhalten und damit die vielen Helfer in ihren Bem\u00fchungen zu unterst\u00fctzen. <\/p>\n\t\t\t\t\t\t\t<\/div>\n\t\t<\/div>\n\t\t\t\t<\/div>\n\t\t\t\t<\/div>\n\t\t\t\t\t\t<\/div>\n\t\t\t\t\t<\/div>\n\t\t<\/div>\n\t\t\t\t\t\t\t\t<\/div>\n\t\t\t\t\t<\/div>\n\t\t<\/section>\n\t\t\t\t\t\t<\/div>\n\t\t\t\t\t\t<\/div>\n\t\t\t\t\t<\/div>\n\t\t","protected":false},"excerpt":{"rendered":"<p>Eine L\u00f6sung f\u00fcr bestehende Herausforderungen Trockenheit Die Trockenperioden ersch\u00f6pfen die nat\u00fcrlichen Ressourcen der B\u00e4ume f\u00fcr eine durchg\u00e4ngige Bew\u00e4sserung. Hier bieten Wasserreservoire in der Stadt die notwendige Abhilfe und k\u00f6nnen den B\u00e4umen zugef\u00fchrt werden. Vorgaben der Kommunen Die St\u00e4dte und Gemeinden verordnen aufgrund der Wasserknappheit weitgehende Ma\u00dfnahmen zur Wassereinsparung. Damit fehlen M\u00f6glichkeiten zur Bew\u00e4sserung. Durch das [&hellip;]<\/p>\n","protected":false},"author":1,"featured_media":0,"parent":0,"menu_order":0,"comment_status":"closed","ping_status":"closed","template":"","meta":[],"_links":{"self":[{"href":"https:\/\/adoptatree.de\/index.php?rest_route=\/wp\/v2\/pages\/153"}],"collection":[{"href":"https:\/\/adoptatree.de\/index.php?rest_route=\/wp\/v2\/pages"}],"about":[{"href":"https:\/\/adoptatree.de\/index.php?rest_route=\/wp\/v2\/types\/page"}],"author":[{"embeddable":true,"href":"https:\/\/adoptatree.de\/index.php?rest_route=\/wp\/v2\/users\/1"}],"replies":[{"embeddable":true,"href":"https:\/\/adoptatree.de\/index.php?rest_route=%2Fwp%2Fv2%2Fcomments&post=153"}],"version-history":[{"count":23,"href":"https:\/\/adoptatree.de\/index.php?rest_route=\/wp\/v2\/pages\/153\/revisions"}],"predecessor-version":[{"id":379,"href":"https:\/\/adoptatree.de\/index.php?rest_route=\/wp\/v2\/pages\/153\/revisions\/379"}],"wp:attachment":[{"href":"https:\/\/adoptatree.de\/index.php?rest_route=%2Fwp%2Fv2%2Fmedia&parent=153"}],"curies":[{"name":"wp","href":"https:\/\/api.w.org\/{rel}","templated":true}]}}